{"id":158,"date":"2018-04-17T07:45:11","date_gmt":"2018-04-17T14:45:11","guid":{"rendered":"http:\/\/rhythmotherapy.com\/?page_id=158"},"modified":"2022-04-26T07:54:21","modified_gmt":"2022-04-26T14:54:21","slug":"hizmetler","status":"publish","type":"page","link":"http:\/\/rhythmotherapy.com\/?page_id=158","title":{"rendered":"M\u0130SS\u0130ON"},"content":{"rendered":"\n\n\t\t<h2>Rhythmotherapy  for Children<\/h2>\n\t\t\t\t<img loading=\"lazy\" decoding=\"async\" src=\"http:\/\/rhythmotherapy.com\/wp-content\/uploads\/2018\/05\/IMG_7515.jpg\" alt=\"IMG_7515\" itemprop=\"image\" height=\"900\" width=\"675\" title=\"IMG_7515\" onerror=\"this.style.display='none'\"  \/>\n\t\t\t<p><strong>All children are talented, without exception\u00a0<\/strong>!<\/p>\n<p>With objective observation, the parent can easily understand the child with the characteristics and behaviors above the normal development line. It ensures the environment in which it can pass the right and healthy time.<\/p>\n<p><iframe loading=\"lazy\" width=\"688\" height=\"387\" src=\"https:\/\/www.youtube.com\/embed\/XxlxcG3Upqw?feature=oembed\" frameborder=\"0\" allow=\"autoplay; encrypted-media\" allowfullscreen><\/iframe><\/p>\n\n\t\t\t<a href=\"\" target=\"_self\" role=\"button\" rel=\"noopener noreferrer\">\n\t\t\t\t\t\t\tBENEF\u0130TS &#8230;\n\t\t\t\t\t<\/a>\n\t<p><a href=\"http:\/\/rhythmotherapy.com\/wp-content\/uploads\/2018\/05\/3.jpg\"><img loading=\"lazy\" decoding=\"async\" src=\"http:\/\/rhythmotherapy.com\/wp-content\/uploads\/2018\/05\/3-768x1024.jpg\" alt=\"\" width=\"400\" height=\"533\" \/><\/a><\/p>\n<p>&#8220;<strong>Rhythmotherapy<\/strong>&#8220;<\/p>\n<p>The child enters a life that is peaked with a sense of success and expectation of success in the basic education and learning process he or she takes without a professional aim on a percussive instrument. &#8220;<em>Lifetime<\/em>&#8221; lasts.<\/p>\n<p><a href=\"http:\/\/rhythmotherapy.com\/wp-content\/uploads\/2018\/05\/KAPAK-.jpg\"><img loading=\"lazy\" decoding=\"async\" src=\"http:\/\/rhythmotherapy.com\/wp-content\/uploads\/2018\/05\/KAPAK--768x1024.jpg\" alt=\"\" width=\"400\" height=\"533\" \/><\/a><\/p>\n<p>In <strong>rhythmotherapy<\/strong>, which is the only common language in the world with its own unique and universal dimension, children learn about a rhythm instrument that allows them to express themselves in rhythm. There are arts areas where they can practice with the instruments.<\/p>\n<p><a href=\"http:\/\/rhythmotherapy.com\/wp-content\/uploads\/2018\/05\/2.jpg\"><img loading=\"lazy\" decoding=\"async\" src=\"http:\/\/rhythmotherapy.com\/wp-content\/uploads\/2018\/05\/2-768x1024.jpg\" alt=\"\" width=\"400\" height=\"533\" \/><\/a><\/p>\n<p>Together with their &#8220;<strong>Ensemble<\/strong>&#8221; studies, <em>self-awareness<\/em> and<em> intuition<\/em> they gain in their interactions cause them to gain the ability to express themselves with rhythm.<\/p>\n<p><a href=\"http:\/\/rhythmotherapy.com\/wp-content\/uploads\/2018\/05\/aa11-768x637.jpg\"><img loading=\"lazy\" decoding=\"async\" src=\"http:\/\/rhythmotherapy.com\/wp-content\/uploads\/2018\/05\/aa11-768x637.jpg\" alt=\"\" width=\"350\" height=\"290\" \/><\/a><\/p>\n<ul>\n<li><a href=\"http:\/\/rhythmotherapy.com\/wp-content\/uploads\/2018\/05\/aa11-768x637.jpg\">The excitement of the legislature grows &#8230;<\/a><\/li>\n<li><a href=\"http:\/\/rhythmotherapy.com\/wp-content\/uploads\/2018\/05\/aa11-768x637.jpg\">Resting on &#8230;<\/a><\/li>\n<li><a href=\"http:\/\/rhythmotherapy.com\/wp-content\/uploads\/2018\/05\/aa11-768x637.jpg\">Mobilizes &#8230;<\/a><\/li>\n<li><a href=\"http:\/\/rhythmotherapy.com\/wp-content\/uploads\/2018\/05\/aa11-768x637.jpg\">It will calm down.<\/a><\/li>\n<\/ul>\n<p><a href=\"http:\/\/rhythmotherapy.com\/wp-content\/uploads\/2018\/05\/IMG_1669-1024x768-2.jpg\"><img loading=\"lazy\" decoding=\"async\" src=\"http:\/\/rhythmotherapy.com\/wp-content\/uploads\/2018\/05\/IMG_1669-1024x768-2.jpg\" alt=\"\" width=\"400\" height=\"300\" \/><\/a><\/p>\n<p>In social life, he becomes a harmonious and happy individual.<\/p>\n<p><a href=\"http:\/\/rhythmotherapy.com\/wp-content\/uploads\/2018\/05\/IMG_9864-copy-1024x711.jpg\"><img loading=\"lazy\" decoding=\"async\" src=\"http:\/\/rhythmotherapy.com\/wp-content\/uploads\/2018\/05\/IMG_9864-copy-1024x711-1024x711.jpg\" alt=\"\" width=\"400\" height=\"278\" \/><\/a><\/p>\n<p><iframe loading=\"lazy\" width=\"688\" height=\"387\" src=\"https:\/\/www.youtube.com\/embed\/cf1uK6H4Aus?feature=oembed\" frameborder=\"0\" allow=\"autoplay; encrypted-media\" allowfullscreen><\/iframe><\/p>\n\t<strong>RHYTHMOTHERAPY BENEF\u0130TS<\/strong>\n<strong>% 99<\/strong>\n<ul>\n<li>Reading, writing, speaking and perception skills develop.<\/li>\n<\/ul>\n<p><a href=\"http:\/\/rhythmotherapy.com\/wp-content\/uploads\/2018\/05\/ritmoterapi-150x150.jpeg\"><img loading=\"lazy\" decoding=\"async\" src=\"http:\/\/rhythmotherapy.com\/wp-content\/uploads\/2018\/05\/ritmoterapi-150x150.jpeg\" alt=\"\" width=\"150\" height=\"150\" \/><\/a><\/p>\n<ul>\n<li>Get rid of internet and substance dependence.<\/li>\n<\/ul>\n<p><a href=\"http:\/\/rhythmotherapy.com\/wp-content\/uploads\/2018\/05\/images-6-150x150.jpeg\"><img loading=\"lazy\" decoding=\"async\" src=\"http:\/\/rhythmotherapy.com\/wp-content\/uploads\/2018\/05\/images-6-150x150.jpeg\" alt=\"\" width=\"150\" height=\"150\" \/><\/a><\/p>\n<ul>\n<li>Attention deficit and concentration, such as mental skills are strengthened.<\/li>\n<\/ul>\n<p><a href=\"http:\/\/rhythmotherapy.com\/wp-content\/uploads\/2018\/05\/IMG_5584-150x150.jpg\"><img loading=\"lazy\" decoding=\"async\" src=\"http:\/\/rhythmotherapy.com\/wp-content\/uploads\/2018\/05\/IMG_5584-150x150.jpg\" alt=\"\" width=\"150\" height=\"150\" \/><\/a><\/p>\n<ul>\n<li>Self-confidence improves certain behaviors.<\/li>\n<\/ul>\n<p><a href=\"http:\/\/rhythmotherapy.com\/wp-content\/uploads\/2018\/05\/IMG_7518-150x150.jpg\"><img loading=\"lazy\" decoding=\"async\" src=\"http:\/\/rhythmotherapy.com\/wp-content\/uploads\/2018\/05\/IMG_7518-150x150.jpg\" alt=\"\" width=\"150\" height=\"150\" \/><\/a><\/p>\n<ul>\n<li>Numerical intelligence evolves.<\/li>\n<\/ul>\n<p><a href=\"http:\/\/rhythmotherapy.com\/wp-content\/uploads\/2018\/05\/IMG_7548-150x150.jpg\"><img loading=\"lazy\" decoding=\"async\" src=\"http:\/\/rhythmotherapy.com\/wp-content\/uploads\/2018\/05\/IMG_7548-150x150.jpg\" alt=\"\" width=\"150\" height=\"150\" \/><\/a><\/p>\n<ul>\n<li>Eliminates hyperactivity-related occurrences.<\/li>\n<\/ul>\n<p><a href=\"http:\/\/rhythmotherapy.com\/wp-content\/uploads\/2018\/05\/images-12.jpeg\"><img loading=\"lazy\" decoding=\"async\" src=\"http:\/\/rhythmotherapy.com\/wp-content\/uploads\/2018\/05\/images-12-300x90.jpeg\" alt=\"\" width=\"300\" height=\"90\" \/><\/a><\/p>\n<ul>\n<li>He realizes his body awareness.<\/li>\n<\/ul>\n<p><a href=\"http:\/\/rhythmotherapy.com\/wp-content\/uploads\/2018\/05\/IMG_7524-150x150.jpg\"><img loading=\"lazy\" decoding=\"async\" src=\"http:\/\/rhythmotherapy.com\/wp-content\/uploads\/2018\/05\/IMG_7524-150x150.jpg\" alt=\"\" width=\"150\" height=\"150\" \/><\/a><\/p>\n<ul>\n<li>It enhances self-expression and fine \/ coarse motor movements.<\/li>\n<\/ul>\n<p><a href=\"http:\/\/rhythmotherapy.com\/wp-content\/uploads\/2018\/05\/IMG_5574-150x150.jpg\"><img loading=\"lazy\" decoding=\"async\" src=\"http:\/\/rhythmotherapy.com\/wp-content\/uploads\/2018\/05\/IMG_5574-150x150.jpg\" alt=\"\" width=\"150\" height=\"150\" \/><\/a><\/p>\n<ul>\n<li>It is free from violence tendency.<\/li>\n<\/ul>\n<p><a href=\"http:\/\/rhythmotherapy.com\/wp-content\/uploads\/2018\/05\/Unknown-1-150x150.jpeg\"><img loading=\"lazy\" decoding=\"async\" src=\"http:\/\/rhythmotherapy.com\/wp-content\/uploads\/2018\/05\/Unknown-1-150x150.jpeg\" alt=\"\" width=\"150\" height=\"150\" \/><\/a><\/p>\n<ul>\n<li>Communication and social skills are organized.<\/li>\n<\/ul>\n<p><a href=\"http:\/\/rhythmotherapy.com\/wp-content\/uploads\/2018\/05\/Unknown-300x136-300x136-300x136.jpeg\"><img loading=\"lazy\" decoding=\"async\" src=\"http:\/\/rhythmotherapy.com\/wp-content\/uploads\/2018\/05\/Unknown-300x136-300x136-300x136-300x136.jpeg\" alt=\"\" width=\"300\" height=\"136\" \/><\/a><\/p>\n<ul>\n<li>The end of school and parental separation comes from anxiety disorders such as depression \/ anxiety.<\/li>\n<\/ul>\n<p><a href=\"http:\/\/rhythmotherapy.com\/wp-content\/uploads\/2018\/05\/IMG_5577.jpg\"><img loading=\"lazy\" decoding=\"async\" src=\"http:\/\/rhythmotherapy.com\/wp-content\/uploads\/2018\/05\/IMG_5577-300x119.jpg\" alt=\"\" width=\"300\" height=\"119\" \/><\/a><\/p>\n<ul>\n<li>Earthquake resolves climate change and coercive adaptation problem.<\/li>\n<\/ul>\n<p><a href=\"http:\/\/rhythmotherapy.com\/wp-content\/uploads\/2018\/05\/IMG_5576.jpg\"><img loading=\"lazy\" decoding=\"async\" src=\"http:\/\/rhythmotherapy.com\/wp-content\/uploads\/2018\/05\/IMG_5576-300x226.jpg\" alt=\"\" width=\"300\" height=\"226\" \/><\/a><\/p>\n<ul>\n<li>It enhances auditory and visual perception-oriented quality of life.<\/li>\n<\/ul>\n<p><a href=\"http:\/\/rhythmotherapy.com\/wp-content\/uploads\/2018\/05\/IMG_5575.jpg\"><img loading=\"lazy\" decoding=\"async\" src=\"http:\/\/rhythmotherapy.com\/wp-content\/uploads\/2018\/05\/IMG_5575-194x300.jpg\" alt=\"\" width=\"194\" height=\"300\" \/><\/a><\/p>\n\t\t<h2>Rhythmotherapy for Adults<\/h2>\n\t\t\t\t<img loading=\"lazy\" decoding=\"async\" src=\"http:\/\/rhythmotherapy.com\/wp-content\/uploads\/2018\/05\/IMG_2532-1024x794-1024x794.jpg\" alt=\"IMG_2532-1024x794-1024x794\" itemprop=\"image\" height=\"794\" width=\"1024\" title=\"IMG_2532-1024x794-1024x794\" onerror=\"this.style.display='none'\"  \/>\n\t\t\t<p>Not only when the energy of life is low, but when it is good, it is necessary for &#8220;<em>motivation\u00a0<\/em>&#8220;! ..<\/p>\n<p><iframe loading=\"lazy\" width=\"688\" height=\"387\" src=\"https:\/\/www.youtube.com\/embed\/h8hqMxKk46M?feature=oembed\" frameborder=\"0\" allow=\"autoplay; encrypted-media\" allowfullscreen><\/iframe><\/p>\n\t\t\t<a href=\"\" target=\"_self\" role=\"button\" rel=\"noopener noreferrer\">\n\t\t\t\t\t\t\tBENEF\u0130TS &#8230;\n\t\t\t\t\t<\/a>\n\t<p><a href=\"http:\/\/rhythmotherapy.com\/wp-content\/uploads\/2018\/05\/IMG_2530.jpg\"><img loading=\"lazy\" decoding=\"async\" src=\"http:\/\/rhythmotherapy.com\/wp-content\/uploads\/2018\/05\/IMG_2530.jpg\" alt=\"\" width=\"1200\" height=\"523\" \/><\/a><\/p>\n<p>The <strong>Rhythmotherapy<\/strong><\/p>\n<p>Individuals or groups; Physical, social, communicative, emotional characteristics; They are applied medically and educationally, in order to improve their quality of life.<\/p>\n<p><a href=\"http:\/\/rhythmotherapy.com\/wp-content\/uploads\/2018\/05\/IMG_7307.jpg\"><img loading=\"lazy\" decoding=\"async\" src=\"http:\/\/rhythmotherapy.com\/wp-content\/uploads\/2018\/05\/IMG_7307-1024x768.jpg\" alt=\"\" width=\"688\" height=\"516\" \/><\/a><\/p>\n<p>Participants give physical and mental health through a visionary perspective.<\/p>\n<p><a href=\"http:\/\/rhythmotherapy.com\/wp-content\/uploads\/2018\/05\/IMG_6840-1.jpg\"><img loading=\"lazy\" decoding=\"async\" src=\"http:\/\/rhythmotherapy.com\/wp-content\/uploads\/2018\/05\/IMG_6840-1.jpg\" alt=\"\" width=\"529\" height=\"278\" \/><\/a><\/p>\n<p>Individuals receive training on a rhythm instrument that allows them to express themselves in rhythm.<\/p>\n<p><a href=\"http:\/\/rhythmotherapy.com\/wp-content\/uploads\/2018\/05\/IMG_5815-728x1024.jpg\"><img loading=\"lazy\" decoding=\"async\" src=\"http:\/\/rhythmotherapy.com\/wp-content\/uploads\/2018\/05\/IMG_5815-728x1024.jpg\" alt=\"\" width=\"728\" height=\"1024\" \/><\/a><\/p>\n<p>the <strong>Rhythmotherapy<\/strong><\/p>\n<p>It is based on scientific standards according to Research, Practice, Education, Cultural and Social contexts.<\/p>\n<p><a href=\"http:\/\/rhythmotherapy.com\/wp-content\/uploads\/2018\/05\/IMG_7050-2.jpg\"><img loading=\"lazy\" decoding=\"async\" src=\"http:\/\/rhythmotherapy.com\/wp-content\/uploads\/2018\/05\/IMG_7050-2-1024x576.jpg\" alt=\"\" width=\"688\" height=\"387\" \/><\/a><\/p>\n<p>The only common language in the world with its own unique and universal dimension is Rhythm.<\/p>\n<p><a href=\"http:\/\/rhythmotherapy.com\/wp-content\/uploads\/2018\/05\/IMG_5759-1600x1630.jpg\"><img loading=\"lazy\" decoding=\"async\" src=\"http:\/\/rhythmotherapy.com\/wp-content\/uploads\/2018\/05\/IMG_5759-1600x1630-1005x1024.jpg\" alt=\"\" width=\"688\" height=\"701\" \/><\/a><\/p>\n<p>Individuals can apply the rhythm instruments and rhythmotherapy techniques they learn individually to themselves or to another person.<\/p>\n<p><a href=\"http:\/\/rhythmotherapy.com\/wp-content\/uploads\/2018\/05\/IMG_7390.jpg\"><img loading=\"lazy\" decoding=\"async\" src=\"http:\/\/rhythmotherapy.com\/wp-content\/uploads\/2018\/05\/IMG_7390-1024x768.jpg\" alt=\"\" width=\"688\" height=\"516\" \/><\/a><\/p>\n<p>&#8220;<strong>Rhythmotherapy<\/strong>&#8221; is a traditional, modern, medical and educational &#8220;<strong>Music Therapy<\/strong>&#8221; method.<\/p>\n<a href=\"http:\/\/rhythmotherapy.com\/wp-content\/uploads\/2018\/05\/IMG_7273.jpg\"><img loading=\"lazy\" decoding=\"async\" src=\"http:\/\/rhythmotherapy.com\/wp-content\/uploads\/2018\/05\/IMG_7273-1024x823.jpg\" alt=\"\" width=\"688\" height=\"553\" \/><\/a><br \/>\n<iframe loading=\"lazy\" width=\"688\" height=\"387\" src=\"https:\/\/www.youtube.com\/embed\/lD8xoUybKFI?feature=oembed\" frameborder=\"0\" allow=\"autoplay; encrypted-media\" allowfullscreen><\/iframe>\n<p><a href=\"http:\/\/rhythmotherapy.com\/wp-content\/uploads\/2018\/05\/images-11.jpeg\"><img loading=\"lazy\" decoding=\"async\" src=\"http:\/\/rhythmotherapy.com\/wp-content\/uploads\/2018\/05\/images-11.jpeg\" alt=\"\" width=\"220\" height=\"229\" \/><\/a><\/p>\n\t<strong>RHYTHMOTHERAPY BENEF\u0130TS<\/strong>\n<strong>% 99\n<\/strong>\n<ul>\n<li>Increases the quality of team spirit and production activities.<\/li>\n<\/ul>\n<p><a href=\"http:\/\/rhythmotherapy.com\/wp-content\/uploads\/2018\/05\/IMG_5562-740x491.jpg\"><img loading=\"lazy\" decoding=\"async\" src=\"http:\/\/rhythmotherapy.com\/wp-content\/uploads\/2018\/05\/IMG_5562-740x491.jpg\" alt=\"\" width=\"740\" height=\"491\" \/><\/a><\/p>\n<ul>\n<li>It reduces intense work stress and anxiety.<\/li>\n<\/ul>\n<p><a href=\"http:\/\/rhythmotherapy.com\/wp-content\/uploads\/2018\/05\/IMG_1688-1024x768-768x576.jpg\"><img loading=\"lazy\" decoding=\"async\" src=\"http:\/\/rhythmotherapy.com\/wp-content\/uploads\/2018\/05\/IMG_1688-1024x768-768x576.jpg\" alt=\"\" width=\"768\" height=\"576\" \/><\/a><\/p>\n<ul>\n<li>It raises the quality of life.<\/li>\n<\/ul>\n<p><a href=\"http:\/\/rhythmotherapy.com\/wp-content\/uploads\/2018\/05\/IMG_7131-768x730.jpg\"><img loading=\"lazy\" decoding=\"async\" src=\"http:\/\/rhythmotherapy.com\/wp-content\/uploads\/2018\/05\/IMG_7131-768x730.jpg\" alt=\"\" width=\"768\" height=\"730\" \/><\/a><\/p>\n<ul>\n<li>It increases self-confidence and learning performance.<\/li>\n<\/ul>\n<p><a href=\"http:\/\/rhythmotherapy.com\/wp-content\/uploads\/2018\/05\/IMG_5561.jpg\"><img loading=\"lazy\" decoding=\"async\" src=\"http:\/\/rhythmotherapy.com\/wp-content\/uploads\/2018\/05\/IMG_5561.jpg\" alt=\"\" width=\"470\" height=\"313\" \/><\/a><\/p>\n<ul>\n<li>It removes the tension of urban life.<\/li>\n<li>Personality corrects individual expression and dialogue disorders.<\/li>\n<\/ul>\n<p><a href=\"http:\/\/rhythmotherapy.com\/wp-content\/uploads\/2018\/05\/IMG_2528-1024x685-1-768x457.jpg\"><img loading=\"lazy\" decoding=\"async\" src=\"http:\/\/rhythmotherapy.com\/wp-content\/uploads\/2018\/05\/IMG_2528-1024x685-1-768x457.jpg\" alt=\"\" width=\"768\" height=\"457\" \/><\/a><\/p>\n<ul>\n<li>Natural disasters, gooc and climate change caused by the depression of the pill.<\/li>\n<li>Traumatic and criminal people gain publicity.<\/li>\n<\/ul>\n<p><a href=\"http:\/\/rhythmotherapy.com\/wp-content\/uploads\/2018\/05\/IMG_2105.jpg\"><img loading=\"lazy\" decoding=\"async\" src=\"http:\/\/rhythmotherapy.com\/wp-content\/uploads\/2018\/05\/IMG_2105.jpg\" alt=\"\" width=\"283\" height=\"246\" \/><\/a><\/p>\n<ul>\n<li>It relieves panic attacks, sleep apnea, ear tinnitus, migraine and stuttering.<\/li>\n<\/ul>\n<p><a href=\"http:\/\/rhythmotherapy.com\/wp-content\/uploads\/2018\/05\/R\u00ceTOTERAP\u00ce-LOGO-1-1-1-1.jpg\"><img loading=\"lazy\" decoding=\"async\" src=\"http:\/\/rhythmotherapy.com\/wp-content\/uploads\/2018\/05\/R\u00ceTOTERAP\u00ce-LOGO-1-1-1-1.jpg\" alt=\"\" width=\"460\" height=\"636\" \/><\/a><\/p>\n\t<strong>RHYTHMOTHERAPY\n<\/strong>\nThe &#8220;rhythm of music&#8221; is the &#8220;Music of Music&#8221;;<br \/>\nIn interaction with different disciplines, <em>especially medicine<\/em>, <em>social sciences<\/em>, <em>psychology<\/em>, <em>musicology<\/em> and <em>pedagogy<\/em>;\n<p>It evaluates the body as a collection of very precise instruments, each of which has a unique artistic ability and is tuned.<\/p>\n<p>Life energy required to meet, restore, protect and heal physical, emotional, cognitive and social indications with the direct external rhythm vibrations applied with natural &#8220;Acoustic Rhythm Instruments&#8221;;<\/p>\n<p>&#8220;<em>Therapeutic Motivation<\/em>&#8221; as a support.<\/p>\n\t<p><iframe loading=\"lazy\" width=\"688\" height=\"387\" src=\"https:\/\/www.youtube.com\/embed\/84j0b1K-cGQ?feature=oembed\" frameborder=\"0\" allow=\"autoplay; encrypted-media\" allowfullscreen><\/iframe><\/p>\n\t\t\t\t<a href=\"http:\/\/rhythmotherapy.com\/?page_id=235\" target=\"_self\" itemprop=\"url\" rel=\"noopener noreferrer\">\n\t\t\t\t<img loading=\"lazy\" decoding=\"async\" src=\"http:\/\/rhythmotherapy.com\/wp-content\/uploads\/2018\/05\/IMG_6148.jpg\" alt=\"RHYTHMOTHERAPY CONCERT &amp; SEMINAR\" itemprop=\"image\" height=\"1200\" width=\"1600\" title=\"RHYTHMOTHERAPY CONCERT &amp; SEMINAR\" onerror=\"this.style.display='none'\"  \/>\n\t\t\t\t<\/a>\n\t\t<h2><a href=\"http:\/\/rhythmotherapy.com\/?page_id=235\" target=\"_self\" rel=\"noopener noreferrer\">Rhythmotherapy Consultant (Concert &#038; Seminar)<\/a><\/h2>\t\t\n\t\t\t<p>&#8220;<strong>Rhythmotherapy Consulter<\/strong>&#8220;, motivational enhancer, where rhythm information and love is gained; For the purpose of &#8220;personal development&#8221; with the direct (interactive) participation of the leading institutions \/ organizations and the whole of the participants;<\/p>\n<p>Interview &#8230; Concert and &#8220;<strong>rhythmotherapy<\/strong>&#8221; consists of practices.<\/p>\n\t\t\t<a href=\"http:\/\/rhythmotherapy.com\/?page_id=235\" target=\"_self\" role=\"button\" rel=\"noopener noreferrer\">\n\t\t\t\t\t\t\tRHYTHMOTHERAPY CONSULTANS\n\t\t\t\t\t<\/a>\n\t\t\t\t<a href=\"https:\/\/www.ritmoterapi.com\/ritmoterapist-sertifika-egitimi-on-basvuru\/\" target=\"_self\" itemprop=\"url\" rel=\"noopener noreferrer\">\n\t\t\t\t<img loading=\"lazy\" decoding=\"async\" src=\"http:\/\/rhythmotherapy.com\/wp-content\/uploads\/2018\/05\/IMG_9851-768x514.jpg\" alt=\"IMG_9851-768x514\" itemprop=\"image\" height=\"514\" width=\"768\" title=\"IMG_9851-768x514\" onerror=\"this.style.display='none'\"  \/>\n\t\t\t\t<\/a>\n\t\t<h3><a href=\"https:\/\/www.ritmoterapi.com\/ritmoterapist-sertifika-egitimi-on-basvuru\/\" target=\"_self\" rel=\"noopener noreferrer\">RHYTHMOTHERAPY CERT\u0130F\u0130CATE TRA\u0130N\u0130NG<\/a><\/h3>\t\t\n\t\t\tThe members of the musical field who will perform &#8220;therapy with rhythm&#8221; and those who are skilled in education institutions;<br \/>\nIt gives competence and competence to enable them to perform their rhythmotherapy applications effectively and efficiently.\n\t\t\t<a href=\"https:\/\/www.ritmoterapi.com\/ritmoterapist-sertifika-egitimi-on-basvuru\/\" target=\"_self\" role=\"button\" rel=\"noopener noreferrer\">\n\t\t\t\t\t\t\tRHYTHMOTHERAPY CERT\u0130F\u0130CATE TRA\u0130N\u0130NG \n\t\t\t<\/a>\n\t<p><iframe loading=\"lazy\" width=\"688\" height=\"516\" src=\"https:\/\/www.youtube.com\/embed\/tNAgUL_DDHE?feature=oembed\" frameborder=\"0\" allow=\"autoplay; encrypted-media\" allowfullscreen><\/iframe><\/p>\n\n","protected":false},"excerpt":{"rendered":"","protected":false},"author":1,"featured_media":0,"parent":0,"menu_order":0,"comment_status":"closed","ping_status":"closed","template":"","meta":{"footnotes":""},"class_list":["post-158","page","type-page","status-publish","hentry"],"aioseo_notices":[],"_links":{"self":[{"href":"http:\/\/rhythmotherapy.com\/index.php?rest_route=\/wp\/v2\/pages\/158","targetHints":{"allow":["GET"]}}],"collection":[{"href":"http:\/\/rhythmotherapy.com\/index.php?rest_route=\/wp\/v2\/pages"}],"about":[{"href":"http:\/\/rhythmotherapy.com\/index.php?rest_route=\/wp\/v2\/types\/page"}],"author":[{"embeddable":true,"href":"http:\/\/rhythmotherapy.com\/index.php?rest_route=\/wp\/v2\/users\/1"}],"replies":[{"embeddable":true,"href":"http:\/\/rhythmotherapy.com\/index.php?rest_route=%2Fwp%2Fv2%2Fcomments&post=158"}],"version-history":[{"count":11,"href":"http:\/\/rhythmotherapy.com\/index.php?rest_route=\/wp\/v2\/pages\/158\/revisions"}],"predecessor-version":[{"id":766,"href":"http:\/\/rhythmotherapy.com\/index.php?rest_route=\/wp\/v2\/pages\/158\/revisions\/766"}],"wp:attachment":[{"href":"http:\/\/rhythmotherapy.com\/index.php?rest_route=%2Fwp%2Fv2%2Fmedia&parent=158"}],"curies":[{"name":"wp","href":"https:\/\/api.w.org\/{rel}","templated":true}]}}